{"id":23353,"date":"2016-10-18T11:15:08","date_gmt":"2016-10-18T10:15:08","guid":{"rendered":"https:\/\/tsg.rs\/?page_id=23353"},"modified":"2025-10-28T13:09:46","modified_gmt":"2025-10-28T12:09:46","slug":"valeurs","status":"publish","type":"page","link":"https:\/\/tsg.rs\/fr\/a-propos-de-nous\/valeurs\/","title":{"rendered":"Valeurs"},"content":{"rendered":"<h3 style=\"text-align: justify;\">EFFICACIT\u00c9<\/h3>\n<p style=\"text-align: justify;\">Nous travaillons toujours de mani\u00e8re \u00e0 trouver des solutions pour le client. Gr\u00e2ce \u00e0 notre expertise et \u00e0 notre connaissance du contexte juridique local, nous travaillons toujours de mani\u00e8re efficace et \u00e9conomiquement optimale pour le client.<\/p>\n<h3 style=\"text-align: justify;\">COLLABORATION AVEC LES CLIENTS<\/h3>\n<p style=\"text-align: justify;\">Nous accordons une grande importance \u00e0 nos discussions avec les clients. Ces entretiens nous permettent de discuter en d\u00e9tail des aspects \u00e9conomiques des solutions \u00e0 \u00e9laborer. Nos clients sont toujours suivis par un interlocuteur personnel en allemand, en anglais, en russe ou en serbe.<\/p>\n<h3 style=\"text-align: justify;\">UN TRAVAIL D&rsquo;\u00c9QUIPE EFFICACE<\/h3>\n<p style=\"text-align: justify;\">Nous \u00e9laborons les solutions au sein d&rsquo;une \u00e9quipe qui est constitu\u00e9e en fonction des exigences professionnelles propres \u00e0 chaque client.<\/p>\n<h3 style=\"text-align: justify;\">CONNAISSANCE DU SECTEUR<\/h3>\n<p style=\"text-align: justify;\">La compr\u00e9hension strat\u00e9gique et la connaissance du secteur sont essentielles dans un cadre juridique dynamique comme l&rsquo;est le march\u00e9 serbe et mont\u00e9n\u00e9grin. Les nouvelles r\u00e9glementations l\u00e9gislatives se chevauchent et la cr\u00e9ativit\u00e9 est le d\u00e9nominateur de notre succ\u00e8s. Nous \u00e9laborons des solutions pratiques et efficacement applicables pour nos clients.<\/p>\n","protected":false},"excerpt":{"rendered":"<p>EFFICACIT\u00c9 Nous travaillons toujours de mani\u00e8re \u00e0 trouver des solutions pour le client. Gr\u00e2ce \u00e0 notre expertise et \u00e0 notre connaissance du contexte juridique local, nous travaillons toujours de mani\u00e8re efficace et \u00e9conomiquement optimale pour le client. COLLABORATION AVEC LES CLIENTS Nous accordons une grande importance \u00e0 nos discussions avec les clients. Ces entretiens nous [&hellip;]<\/p>\n","protected":false},"author":9,"featured_media":21186,"parent":23325,"menu_order":99,"comment_status":"closed","ping_status":"closed","template":"","meta":{"_acf_changed":false,"footnotes":""},"class_list":["post-23353","page","type-page","status-publish","has-post-thumbnail","hentry"],"acf":[],"yoast_head":"<!-- This site is optimized with the Yoast SEO Premium plugin v25.6 (Yoast SEO v25.6) - https:\/\/yoast.com\/wordpress\/plugins\/seo\/ -->\n<title>Valeurs - TSG<\/title>\n<meta name=\"robots\" content=\"index, follow, max-snippet:-1, max-image-preview:large, max-video-preview:-1\" \/>\n<link rel=\"canonical\" href=\"https:\/\/tsg.rs\/fr\/a-propos-de-nous\/valeurs\/\" \/>\n<meta property=\"og:locale\" content=\"fr_FR\" \/>\n<meta property=\"og:type\" content=\"article\" \/>\n<meta property=\"og:title\" content=\"Valeurs\" \/>\n<meta property=\"og:description\" content=\"EFFICACIT\u00c9 Nous travaillons toujours de mani\u00e8re \u00e0 trouver des solutions pour le client. Gr\u00e2ce \u00e0 notre expertise et \u00e0 notre connaissance du contexte juridique local, nous travaillons toujours de mani\u00e8re efficace et \u00e9conomiquement optimale pour le client. COLLABORATION AVEC LES CLIENTS Nous accordons une grande importance \u00e0 nos discussions avec les clients. Ces entretiens nous [&hellip;]\" \/>\n<meta property=\"og:url\" content=\"https:\/\/tsg.rs\/fr\/a-propos-de-nous\/valeurs\/\" \/>\n<meta property=\"og:site_name\" content=\"TSG\" \/>\n<meta property=\"article:publisher\" content=\"https:\/\/www.facebook.com\/Tomic.Sindjelic.Groza.LawOffice\/\" \/>\n<meta property=\"article:modified_time\" content=\"2025-10-28T12:09:46+00:00\" \/>\n<meta property=\"og:image\" content=\"https:\/\/tsg.rs\/wp-content\/uploads\/2016\/10\/IMG_3706.gif_WEB_Values.gif\" \/>\n\t<meta property=\"og:image:width\" content=\"2144\" \/>\n\t<meta property=\"og:image:height\" content=\"1429\" \/>\n\t<meta property=\"og:image:type\" content=\"image\/gif\" \/>\n<meta name=\"twitter:card\" content=\"summary_large_image\" \/>\n<meta name=\"twitter:label1\" content=\"Dur\u00e9e de lecture estim\u00e9e\" \/>\n\t<meta name=\"twitter:data1\" content=\"1 minute\" \/>\n<script type=\"application\/ld+json\" class=\"yoast-schema-graph\">{\"@context\":\"https:\/\/schema.org\",\"@graph\":[{\"@type\":\"WebPage\",\"@id\":\"https:\/\/tsg.rs\/fr\/a-propos-de-nous\/valeurs\/\",\"url\":\"https:\/\/tsg.rs\/fr\/a-propos-de-nous\/valeurs\/\",\"name\":\"Valeurs - TSG\",\"isPartOf\":{\"@id\":\"https:\/\/tsg.rs\/fr\/#website\"},\"primaryImageOfPage\":{\"@id\":\"https:\/\/tsg.rs\/fr\/a-propos-de-nous\/valeurs\/#primaryimage\"},\"image\":{\"@id\":\"https:\/\/tsg.rs\/fr\/a-propos-de-nous\/valeurs\/#primaryimage\"},\"thumbnailUrl\":\"https:\/\/tsg.rs\/wp-content\/uploads\/2016\/10\/IMG_3706.gif_WEB_Values.gif\",\"datePublished\":\"2016-10-18T10:15:08+00:00\",\"dateModified\":\"2025-10-28T12:09:46+00:00\",\"breadcrumb\":{\"@id\":\"https:\/\/tsg.rs\/fr\/a-propos-de-nous\/valeurs\/#breadcrumb\"},\"inLanguage\":\"fr-FR\",\"potentialAction\":[{\"@type\":\"ReadAction\",\"target\":[\"https:\/\/tsg.rs\/fr\/a-propos-de-nous\/valeurs\/\"]}]},{\"@type\":\"ImageObject\",\"inLanguage\":\"fr-FR\",\"@id\":\"https:\/\/tsg.rs\/fr\/a-propos-de-nous\/valeurs\/#primaryimage\",\"url\":\"https:\/\/tsg.rs\/wp-content\/uploads\/2016\/10\/IMG_3706.gif_WEB_Values.gif\",\"contentUrl\":\"https:\/\/tsg.rs\/wp-content\/uploads\/2016\/10\/IMG_3706.gif_WEB_Values.gif\",\"width\":2144,\"height\":1429},{\"@type\":\"BreadcrumbList\",\"@id\":\"https:\/\/tsg.rs\/fr\/a-propos-de-nous\/valeurs\/#breadcrumb\",\"itemListElement\":[{\"@type\":\"ListItem\",\"position\":1,\"name\":\"Home\",\"item\":\"https:\/\/tsg.rs\/fr\/\"},{\"@type\":\"ListItem\",\"position\":2,\"name\":\"\u00c0 propos de nous\",\"item\":\"https:\/\/tsg.rs\/fr\/a-propos-de-nous\/\"},{\"@type\":\"ListItem\",\"position\":3,\"name\":\"Valeurs\"}]},{\"@type\":\"WebSite\",\"@id\":\"https:\/\/tsg.rs\/fr\/#website\",\"url\":\"https:\/\/tsg.rs\/fr\/\",\"name\":\"TSG\",\"description\":\"TSG Advocates\",\"publisher\":{\"@id\":\"https:\/\/tsg.rs\/fr\/#organization\"},\"potentialAction\":[{\"@type\":\"SearchAction\",\"target\":{\"@type\":\"EntryPoint\",\"urlTemplate\":\"https:\/\/tsg.rs\/fr\/?s={search_term_string}\"},\"query-input\":{\"@type\":\"PropertyValueSpecification\",\"valueRequired\":true,\"valueName\":\"search_term_string\"}}],\"inLanguage\":\"fr-FR\"},{\"@type\":\"Organization\",\"@id\":\"https:\/\/tsg.rs\/fr\/#organization\",\"name\":\"TSG ADVOKATI\",\"url\":\"https:\/\/tsg.rs\/fr\/\",\"logo\":{\"@type\":\"ImageObject\",\"inLanguage\":\"fr-FR\",\"@id\":\"https:\/\/tsg.rs\/fr\/#\/schema\/logo\/image\/\",\"url\":\"https:\/\/tsg.rs\/wp-content\/uploads\/2022\/06\/Logo-bez-imena_sr_de_en_Tamna-slova_bela-pozadina.png\",\"contentUrl\":\"https:\/\/tsg.rs\/wp-content\/uploads\/2022\/06\/Logo-bez-imena_sr_de_en_Tamna-slova_bela-pozadina.png\",\"width\":339,\"height\":339,\"caption\":\"TSG ADVOKATI\"},\"image\":{\"@id\":\"https:\/\/tsg.rs\/fr\/#\/schema\/logo\/image\/\"},\"sameAs\":[\"https:\/\/www.facebook.com\/Tomic.Sindjelic.Groza.LawOffice\/\",\"https:\/\/www.instagram.com\/tsg_lawyers\/\",\"https:\/\/www.linkedin.com\/company\/tomic-sindjelic-groza-law-office\"]}]}<\/script>\n<!-- \/ Yoast SEO Premium plugin. -->","yoast_head_json":{"title":"Valeurs - TSG","robots":{"index":"index","follow":"follow","max-snippet":"max-snippet:-1","max-image-preview":"max-image-preview:large","max-video-preview":"max-video-preview:-1"},"canonical":"https:\/\/tsg.rs\/fr\/a-propos-de-nous\/valeurs\/","og_locale":"fr_FR","og_type":"article","og_title":"Valeurs","og_description":"EFFICACIT\u00c9 Nous travaillons toujours de mani\u00e8re \u00e0 trouver des solutions pour le client. Gr\u00e2ce \u00e0 notre expertise et \u00e0 notre connaissance du contexte juridique local, nous travaillons toujours de mani\u00e8re efficace et \u00e9conomiquement optimale pour le client. COLLABORATION AVEC LES CLIENTS Nous accordons une grande importance \u00e0 nos discussions avec les clients. Ces entretiens nous [&hellip;]","og_url":"https:\/\/tsg.rs\/fr\/a-propos-de-nous\/valeurs\/","og_site_name":"TSG","article_publisher":"https:\/\/www.facebook.com\/Tomic.Sindjelic.Groza.LawOffice\/","article_modified_time":"2025-10-28T12:09:46+00:00","og_image":[{"width":2144,"height":1429,"url":"https:\/\/tsg.rs\/wp-content\/uploads\/2016\/10\/IMG_3706.gif_WEB_Values.gif","type":"image\/gif"}],"twitter_card":"summary_large_image","twitter_misc":{"Dur\u00e9e de lecture estim\u00e9e":"1 minute"},"schema":{"@context":"https:\/\/schema.org","@graph":[{"@type":"WebPage","@id":"https:\/\/tsg.rs\/fr\/a-propos-de-nous\/valeurs\/","url":"https:\/\/tsg.rs\/fr\/a-propos-de-nous\/valeurs\/","name":"Valeurs - TSG","isPartOf":{"@id":"https:\/\/tsg.rs\/fr\/#website"},"primaryImageOfPage":{"@id":"https:\/\/tsg.rs\/fr\/a-propos-de-nous\/valeurs\/#primaryimage"},"image":{"@id":"https:\/\/tsg.rs\/fr\/a-propos-de-nous\/valeurs\/#primaryimage"},"thumbnailUrl":"https:\/\/tsg.rs\/wp-content\/uploads\/2016\/10\/IMG_3706.gif_WEB_Values.gif","datePublished":"2016-10-18T10:15:08+00:00","dateModified":"2025-10-28T12:09:46+00:00","breadcrumb":{"@id":"https:\/\/tsg.rs\/fr\/a-propos-de-nous\/valeurs\/#breadcrumb"},"inLanguage":"fr-FR","potentialAction":[{"@type":"ReadAction","target":["https:\/\/tsg.rs\/fr\/a-propos-de-nous\/valeurs\/"]}]},{"@type":"ImageObject","inLanguage":"fr-FR","@id":"https:\/\/tsg.rs\/fr\/a-propos-de-nous\/valeurs\/#primaryimage","url":"https:\/\/tsg.rs\/wp-content\/uploads\/2016\/10\/IMG_3706.gif_WEB_Values.gif","contentUrl":"https:\/\/tsg.rs\/wp-content\/uploads\/2016\/10\/IMG_3706.gif_WEB_Values.gif","width":2144,"height":1429},{"@type":"BreadcrumbList","@id":"https:\/\/tsg.rs\/fr\/a-propos-de-nous\/valeurs\/#breadcrumb","itemListElement":[{"@type":"ListItem","position":1,"name":"Home","item":"https:\/\/tsg.rs\/fr\/"},{"@type":"ListItem","position":2,"name":"\u00c0 propos de nous","item":"https:\/\/tsg.rs\/fr\/a-propos-de-nous\/"},{"@type":"ListItem","position":3,"name":"Valeurs"}]},{"@type":"WebSite","@id":"https:\/\/tsg.rs\/fr\/#website","url":"https:\/\/tsg.rs\/fr\/","name":"TSG","description":"TSG Advocates","publisher":{"@id":"https:\/\/tsg.rs\/fr\/#organization"},"potentialAction":[{"@type":"SearchAction","target":{"@type":"EntryPoint","urlTemplate":"https:\/\/tsg.rs\/fr\/?s={search_term_string}"},"query-input":{"@type":"PropertyValueSpecification","valueRequired":true,"valueName":"search_term_string"}}],"inLanguage":"fr-FR"},{"@type":"Organization","@id":"https:\/\/tsg.rs\/fr\/#organization","name":"TSG ADVOKATI","url":"https:\/\/tsg.rs\/fr\/","logo":{"@type":"ImageObject","inLanguage":"fr-FR","@id":"https:\/\/tsg.rs\/fr\/#\/schema\/logo\/image\/","url":"https:\/\/tsg.rs\/wp-content\/uploads\/2022\/06\/Logo-bez-imena_sr_de_en_Tamna-slova_bela-pozadina.png","contentUrl":"https:\/\/tsg.rs\/wp-content\/uploads\/2022\/06\/Logo-bez-imena_sr_de_en_Tamna-slova_bela-pozadina.png","width":339,"height":339,"caption":"TSG ADVOKATI"},"image":{"@id":"https:\/\/tsg.rs\/fr\/#\/schema\/logo\/image\/"},"sameAs":["https:\/\/www.facebook.com\/Tomic.Sindjelic.Groza.LawOffice\/","https:\/\/www.instagram.com\/tsg_lawyers\/","https:\/\/www.linkedin.com\/company\/tomic-sindjelic-groza-law-office"]}]}},"_links":{"self":[{"href":"https:\/\/tsg.rs\/fr\/wp-json\/wp\/v2\/pages\/23353"}],"collection":[{"href":"https:\/\/tsg.rs\/fr\/wp-json\/wp\/v2\/pages"}],"about":[{"href":"https:\/\/tsg.rs\/fr\/wp-json\/wp\/v2\/types\/page"}],"author":[{"embeddable":true,"href":"https:\/\/tsg.rs\/fr\/wp-json\/wp\/v2\/users\/9"}],"replies":[{"embeddable":true,"href":"https:\/\/tsg.rs\/fr\/wp-json\/wp\/v2\/comments?post=23353"}],"version-history":[{"count":4,"href":"https:\/\/tsg.rs\/fr\/wp-json\/wp\/v2\/pages\/23353\/revisions"}],"predecessor-version":[{"id":27058,"href":"https:\/\/tsg.rs\/fr\/wp-json\/wp\/v2\/pages\/23353\/revisions\/27058"}],"up":[{"embeddable":true,"href":"https:\/\/tsg.rs\/fr\/wp-json\/wp\/v2\/pages\/23325"}],"wp:featuredmedia":[{"embeddable":true,"href":"https:\/\/tsg.rs\/fr\/wp-json\/wp\/v2\/media\/21186"}],"wp:attachment":[{"href":"https:\/\/tsg.rs\/fr\/wp-json\/wp\/v2\/media?parent=23353"}],"curies":[{"name":"wp","href":"https:\/\/api.w.org\/{rel}","templated":true}]}}